{"id":2985,"date":"2016-08-29T08:46:29","date_gmt":"2016-08-29T08:46:29","guid":{"rendered":"http:\/\/www.unilab.eu\/book-remote-assistance\/"},"modified":"2026-03-19T16:58:44","modified_gmt":"2026-03-19T15:58:44","slug":"prenota-assistenza-in-remoto","status":"publish","type":"page","link":"https:\/\/www.unilab.eu\/it\/prenota-assistenza-in-remoto\/","title":{"rendered":"Prenota assistenza in remoto"},"content":{"rendered":"<!--themify_builder_content-->\n<div id=\"themify_builder_content-2985\" data-postid=\"2985\" class=\"themify_builder_content themify_builder_content-2985 themify_builder tf_clear\">\n                    <div  data-lazy=\"1\" class=\"module_row themify_builder_row tb_k5mx385 tb_first tf_w\">\n                        <div class=\"row_inner col_align_top tb_col_count_1 tf_box tf_rel\">\n                        <div  data-lazy=\"1\" class=\"module_column tb-column col-full tb_fygt385 first\">\n                    <!-- module text -->\n<div  class=\"module module-text tb_3cox385   \" data-lazy=\"1\">\n        <div  class=\"tb_text_wrap\">\n        <h1>Prenota assistenza in remoto<\/h1>    <\/div>\n<\/div>\n<!-- \/module text -->        <\/div>\n                        <\/div>\n        <\/div>\n                        <div  data-lazy=\"1\" class=\"module_row themify_builder_row tb_2e43159 tf_w\">\n                        <div class=\"row_inner col_align_top tb_col_count_2 tf_box tf_rel\">\n                        <div  data-lazy=\"1\" class=\"module_column tb-column col4-3 tb_14768b5 first\">\n                    <!-- module feature -->\n<div  class=\"module module-feature tb_2e77375 with-chart layout-icon-left size-small \" data-layout-mobile=\"icon-top\" data-layout-desktop=\"icon-left\" data-lazy=\"1\">\n        <div class=\"module-feature-image tf_textc tf_rel\">\n                            <span class=\"module-feature-chart-html5 tf_box tf_rel tf_inline_b\">\n                                    <svg class=\"tf_abs tf_w tf_h\">\n                    <circle class=\"tb_feature_fill\" r=\"calc(50% - 1.50px)\" cx=\"50%\" cy=\"50%\" stroke-width=\"3\"\/>\n                    <circle class=\"tb_feature_stroke\" r=\"calc(50% - 1.50px)\" cx=\"50%\" cy=\"50%\" stroke=\"#de5d5d\" stroke-width=\"3\" data-progress=\"100\" stroke-dasharray=\"0,10000\"\/>\n                                        <\/svg>\n                                <span class=\"chart-html5-circle tf_w tf_h\">\n                                            <em class=\"module-feature-icon tf_rel\" style=\"color:#de5d5d\"><svg  class=\"tf_fa tf-fas-exclamation-triangle\" xmlns:xlink=\"http:\/\/www.w3.org\/1999\/xlink\" aria-hidden=\"true\"><use href=\"#tf-fas-exclamation-triangle\" xlink:href=\"#tf-fas-exclamation-triangle\"><\/use><\/svg><\/em>\n                                    <\/span>\n\n                \n            <\/span>\n                <\/div>\n    <div class=\"module-feature-content tf_textc\">\n                    <h3 class=\"module-feature-title\">\n                            IMPORTANTE                        <\/h3>\n                    <div class=\"tb_text_wrap\">\n            <p>Si prega di prenotare un&#8217;assistenza remota solo in caso di bug e\/o errori software. L&#8217;assistenza remota a finalit\u00e0 di training non sar\u00e0 accettata dai nostri tecnici. Per tutte le richieste di training, il nostro staff \u00e8 disponibile all&#8217;indirizzo sales@unilab.eu. Unilab utilizza di default il software <a href=\"https:\/\/www.898.tv\/unilab_support\">TeamViewer<\/a>. Il Cliente deve garantire ad Unilab la possibilit\u00e0\u00a0 di connettersi al proprio computer dove \u00e8 installato il software Unilab. Il Cliente pu\u00f2 prenotare un&#8217;assistenza remota solo dopo essersi assicurato con il suo Responsabile IT che Unilab possa connettersi e controllare da remoto il suo PC. Qualora l&#8217;azienda del Cliente abbia difficolt\u00e0 ad installare\/utilizzare TeamViewer a causa di policy interne o altre ragioni, il responsabile IT dell&#8217;azienda del Cliente \u00e8 obbligato a trovare una valida soluzione alternativa e a fornire ad Unilab il nome e tutte le istruzioni su come utilizzarla. Se viene utilizzato uno strumento diverso da TeamViewer, il Cliente deve segnalarlo tramite Ticket all&#8217;indirizzo <a href=\"https:\/\/unilabeu.freshdesk.com\/support\/tickets\/new\">https:\/\/unilabeu.freshdesk.com\/support\/tickets\/new<\/a> prima di prenotare l&#8217;assistenza remota.<\/p>        <\/div>\n    <\/div>\n<\/div>\n<!-- \/module feature -->\n<!-- module text -->\n<div  class=\"module module-text tb_05f8934   \" data-lazy=\"1\">\n        <div  class=\"tb_text_wrap\">\n        <h3>\u00a0<\/h3>\n<h3>Gli orari riportati di seguito sono espressi nel Vostro fuso orario<\/h3>    <\/div>\n<\/div>\n<!-- \/module text --><!-- module plain text -->\n<div  class=\"module module-plain-text tb_jel4124 \" data-lazy=\"1\">\n        <div class=\"tb_text_wrap\">\n    <!--\nPlugin Name: Bookly - Responsive WordPress Appointment Booking and Scheduling Plugin\nPlugin URI: https:\/\/www.booking-wp-plugin.com\/?utm_source=bookly_admin&utm_medium=plugins_page&utm_campaign=plugins_page\nVersion: 27.4-->\n<style type=\"text\/css\">\n    :root {\n        --bookly-main-color: #3d53ce !important;\n        --bookly-color: #3d53ce !important;\n    }\n\n    <\/style><div class=\"bookly-css-root\">\n    <div id=\"bookly-form-container-69e4dc3b99166\" class=\"bookly-form\" data-form_id=\"\" aria-live=\"polite\">\n        <div style=\"text-align: center\"><img decoding=\"async\" src=\"https:\/\/www.unilab.eu\/wp-includes\/js\/tinymce\/skins\/lightgray\/img\/loader.gif\" alt=\"Caricamento in corso\u2026\"\/><\/div>\n    <\/div>\n<\/div>\n<script type=\"text\/javascript\">\n    (function (win, fn) {\n        var done = false, top = true,\n            doc = win.document,\n            root = doc.documentElement,\n            modern = doc.addEventListener,\n            add = modern ? 'addEventListener' : 'attachEvent',\n            rem = modern ? 'removeEventListener' : 'detachEvent',\n            pre = modern ? '' : 'on',\n            init = function (e) {\n                if (e.type == 'readystatechange') if (doc.readyState != 'complete') return;\n                (e.type == 'load' ? win : doc)[rem](pre + e.type, init, false);\n                if (!done) {\n                    done = true;\n                    fn.call(win, e.type || e);\n                }\n            },\n            poll = function () {\n                try {\n                    root.doScroll('left');\n                } catch (e) {\n                    setTimeout(poll, 50);\n                    return;\n                }\n                init('poll');\n            };\n        if (doc.readyState == 'complete') fn.call(win, 'lazy');\n        else {\n            if (!modern) if (root.doScroll) {\n                try {\n                    top = !win.frameElement;\n                } catch (e) {\n                }\n                if (top) poll();\n            }\n            doc[add](pre + 'DOMContentLoaded', init, false);\n            doc[add](pre + 'readystatechange', init, false);\n            win[add](pre + 'load', init, false);\n        }\n    })(window, function () {\n        window.bookly( {\"form_id\":\"69e4dc3b99166\",\"form_data\":{\"skip_service_step\":0,\"hide_service_part1\":0,\"hide_service_part2\":1,\"defaults\":{\"service_id\":1,\"staff_id\":1,\"location_id\":0,\"category_id\":0,\"units\":0,\"date_from\":0,\"time_from\":0,\"time_to\":0}},\"status\":{\"booking\":\"new\"},\"form_token\":null,\"skip_steps\":{\"service_part1\":0,\"service_part2\":1,\"extras\":1,\"time\":0,\"repeat\":1,\"cart\":1},\"errors\":{\"session_error\":\"Errore di sessione.\",\"form_id_error\":\"Errore ID modulo.\",\"cart_item_not_available\":\"The selected time is not available anymore. Please, choose another time slot.\",\"pay_locally_not_available\":\"Pagamento in loco non \\u00e8 disponibile.\",\"invalid_gateway\":\"Gateway non valido.\",\"payment_error\":\"Errore.\",\"incorrect_username_password\":\"Nome utente o password non corrette.\"},\"form_attributes\":{\"hide_categories\":true,\"hide_services\":false,\"hide_staff_members\":true,\"show_number_of_persons\":false,\"hide_service_duration\":true,\"hide_locations\":true,\"hide_quantity\":true,\"hide_date\":true,\"hide_week_days\":true,\"hide_time_range\":true},\"use_client_time_zone\":1,\"defaults\":{\"service_id\":1,\"staff_id\":1,\"location_id\":0,\"category_id\":0},\"datepicker_mode\":\"text-accent\",\"facebook\":{\"enabled\":0,\"appId\":\"\"}} );\n    });\n<\/script>    <\/div>\n<\/div>\n<!-- \/module plain text -->        <\/div>\n                    <div  data-lazy=\"1\" class=\"module_column tb-column col4-1 tb_e677f09 last\">\n                    <!-- module widgetized -->\n<div  class=\"module module-widgetized tb_f30e4b7  \" data-lazy=\"1\">\n    <div id=\"search-3\" class=\"widget widget_search\"><h4 class=\"widgettitle\">CERCA<\/h4><div class=\"tf_search_form tf_s_dropdown\" data-lazy=\"1\" data-ajax=\"\">\n    <form apbct-form-sign=\"native_search\" role=\"search\" method=\"get\" id=\"searchform\" class=\"tf_rel \" action=\"https:\/\/www.unilab.eu\/it\/\">\n            <div class=\"tf_icon_wrap icon-search\"><svg  aria-label=\"Search\" class=\"tf_fa tf-ti-search\" xmlns:xlink=\"http:\/\/www.w3.org\/1999\/xlink\" role=\"img\"><use href=\"#tf-ti-search\" xlink:href=\"#tf-ti-search\"><\/use><\/svg><\/div>\n            <input type=\"text\" name=\"s\" id=\"s\" title=\"Search\" placeholder=\"Search\" value=\"\" \/>\n\n            \n        <input type=\"hidden\" name=\"lang\" value=\"it\" \/>\n    <input\n                    class=\"apbct_special_field apbct_email_id__search_form\"\n                    name=\"apbct__email_id__search_form\"\n                    aria-label=\"apbct__label_id__search_form\"\n                    type=\"text\" size=\"30\" maxlength=\"200\" autocomplete=\"off\"\n                    value=\"\"\n                \/><input\n                   id=\"apbct_submit_id__search_form\" \n                   class=\"apbct_special_field apbct__email_id__search_form\"\n                   name=\"apbct__label_id__search_form\"\n                   aria-label=\"apbct_submit_name__search_form\"\n                   type=\"submit\"\n                   size=\"30\"\n                   maxlength=\"200\"\n                   value=\"94690\"\n               \/><\/form>\n<\/div>\n<\/div><div id=\"themify-list-categories-2\" class=\"widget list-categories\"><h4 class=\"widgettitle\">Categories<\/h4><ul class=\"categories-list\">\t<li class=\"cat-item cat-item-53\"><a href=\"https:\/\/www.unilab.eu\/it\/category\/articoli\/technical-articles-it\/settore-chimico-it\/\">Approfondimenti dal settore chimico<\/a> (3)\n<\/li>\n\t<li class=\"cat-item cat-item-49\"><a href=\"https:\/\/www.unilab.eu\/it\/category\/articoli\/technical-articles-it\/approfondimenti-hvac-news-insights-it\/\">Approfondimenti dal settore HVAC<\/a> (9)\n<\/li>\n\t<li class=\"cat-item cat-item-36\"><a href=\"https:\/\/www.unilab.eu\/it\/category\/articoli\/\">Articoli<\/a> (56)\n<\/li>\n\t<li class=\"cat-item cat-item-46\"><a href=\"https:\/\/www.unilab.eu\/it\/category\/articoli\/coffee-break-it\/\">Coffee Break<\/a> (645)\n<\/li>\n\t<li class=\"cat-item cat-item-48\"><a href=\"https:\/\/www.unilab.eu\/it\/category\/articoli\/news-eventi-it\/eventi-it\/\">Eventi<\/a> (94)\n<\/li>\n\t<li class=\"cat-item cat-item-51\"><a href=\"https:\/\/www.unilab.eu\/it\/category\/articoli\/technical-articles-it\/case-study-it\/\">I nostri case study<\/a> (2)\n<\/li>\n\t<li class=\"cat-item cat-item-47\"><a href=\"https:\/\/www.unilab.eu\/it\/category\/articoli\/news-eventi-it\/news-it\/\">News<\/a> (180)\n<\/li>\n\t<li class=\"cat-item cat-item-52\"><a href=\"https:\/\/www.unilab.eu\/it\/category\/articoli\/news-eventi-it\/\">News\/Eventi<\/a> (166)\n<\/li>\n\t<li class=\"cat-item cat-item-54\"><a href=\"https:\/\/www.unilab.eu\/it\/category\/articoli\/technical-articles-it\/\">Technical Articles<\/a> (7)\n<\/li>\n\t<li class=\"cat-item cat-item-45\"><a href=\"https:\/\/www.unilab.eu\/it\/category\/articoli\/technical-articles-it\/termodinamica-ingegneria-it\/\">Termodinamica e ingegneria<\/a> (96)\n<\/li>\n\t<li class=\"cat-item cat-item-50\"><a href=\"https:\/\/www.unilab.eu\/it\/category\/articoli\/technical-articles-it\/tutorial-it\/\">Tutorial<\/a> (8)\n<\/li>\n<\/ul><\/div><div id=\"mks_author_widget-3\" class=\"widget mks_author_widget\"><h4 class=\"widgettitle\">SULL\u2019AUTORE<\/h4>\r\n\t<a href=\"https:\/\/www.unilab.eu\/it\/author\/admin\/\"><img loading=\"lazy\" decoding=\"async\" class=\"avatar avatar-64 photo\" width=\"64\" height=\"64\" src=\"https:\/\/www.unilab.eu\/wp-content\/uploads\/2017\/09\/admin.png\"\/><\/a>\t\r\n  <h3><a href=\"https:\/\/www.unilab.eu\/it\/author\/admin\/\">Unilab Team<\/a><\/h3>\r\n\t\t\t\r\n\t<div class=\"mks_autor_link_wrap\"><a href=\"https:\/\/www.unilab.eu\/it\/author\/admin\/\" class=\"mks_author_link\">View all posts<\/a><\/div>\r\n\r\n<\/div><div id=\"themify-feature-posts-5\" class=\"widget feature-posts\"><h4 class=\"widgettitle\">POST RECENTI<\/h4><ul class=\"feature-posts-list\"><li><a href=\"https:\/\/www.unilab.eu\/it\/articoli\/the-barocaloric-effect-a-new-opportunity-for-sustainability-in-refrigeration\/\"><img loading=\"lazy\" decoding=\"async\" src=\"https:\/\/www.unilab.eu\/wp-content\/uploads\/2026\/04\/shutterstock_2473821271-50x50.jpg\" width=\"50\" height=\"50\" class=\"post-img wp-post-image wp-image-34512\" title=\"sustentability\" alt=\"sustentability\" srcset=\"https:\/\/www.unilab.eu\/wp-content\/uploads\/2026\/04\/shutterstock_2473821271-50x50.jpg 50w, https:\/\/www.unilab.eu\/wp-content\/uploads\/2026\/04\/shutterstock_2473821271-150x150.jpg 150w\" sizes=\"auto, (max-width: 50px) 100vw, 50px\" \/><\/a><a href=\"https:\/\/www.unilab.eu\/it\/articoli\/the-barocaloric-effect-a-new-opportunity-for-sustainability-in-refrigeration\/\" class=\"feature-posts-title\">Effetto barocalorico: una nuova via per la sostenibilit\u00e0 nella refrigerazione?<\/a> <br \/><small>15 Aprile 2026<\/small> <br \/><\/li><li><a href=\"https:\/\/www.unilab.eu\/it\/articoli\/china-refrigeration-2026-the-beating-heart-of-hvacr-innovation\/\"><img loading=\"lazy\" decoding=\"async\" src=\"https:\/\/www.unilab.eu\/wp-content\/uploads\/2026\/04\/POST-SITO-1024x703-50x50.png\" width=\"50\" height=\"50\" class=\"post-img wp-post-image wp-image-34496\" title=\"POST SITO\" alt=\"POST SITO\" srcset=\"https:\/\/www.unilab.eu\/wp-content\/uploads\/2026\/04\/POST-SITO-1024x703-50x50.png 50w, https:\/\/www.unilab.eu\/wp-content\/uploads\/2026\/04\/POST-SITO-150x150.png 150w\" sizes=\"auto, (max-width: 50px) 100vw, 50px\" \/><\/a><a href=\"https:\/\/www.unilab.eu\/it\/articoli\/china-refrigeration-2026-the-beating-heart-of-hvacr-innovation\/\" class=\"feature-posts-title\">China Refrigeration 2026: il cuore pulsante dell\u2019innovazione HVAC&#038;R<\/a> <br \/><small>8 Aprile 2026<\/small> <br \/><\/li><li><a href=\"https:\/\/www.unilab.eu\/it\/articoli\/news-eventi-it\/news-it\/nuova-collaborazione-in-unilab\/\"><img loading=\"lazy\" decoding=\"async\" src=\"https:\/\/www.unilab.eu\/wp-content\/uploads\/2026\/04\/4-1024x703-50x50.png\" width=\"50\" height=\"50\" class=\"post-img wp-post-image wp-image-34468\" title=\"4\" alt=\"4\" srcset=\"https:\/\/www.unilab.eu\/wp-content\/uploads\/2026\/04\/4-1024x703-50x50.png 50w, https:\/\/www.unilab.eu\/wp-content\/uploads\/2026\/04\/4-150x150.png 150w\" sizes=\"auto, (max-width: 50px) 100vw, 50px\" \/><\/a><a href=\"https:\/\/www.unilab.eu\/it\/articoli\/news-eventi-it\/news-it\/nuova-collaborazione-in-unilab\/\" class=\"feature-posts-title\">Nuova Collaborazione in Unilab!<\/a> <br \/><small>1 Aprile 2026<\/small> <br \/><\/li><li><a href=\"https:\/\/www.unilab.eu\/it\/articoli\/beyond-convergence-understanding-critical-thermodynamic-issues-in-propylene-glycol-based-brine-coolers\/\"><img loading=\"lazy\" decoding=\"async\" src=\"https:\/\/www.unilab.eu\/wp-content\/uploads\/2026\/03\/Articolo_IT-1024x703-50x50.png\" width=\"50\" height=\"50\" class=\"post-img wp-post-image wp-image-34445\" title=\"Articolo IT\" alt=\"Articolo IT\" srcset=\"https:\/\/www.unilab.eu\/wp-content\/uploads\/2026\/03\/Articolo_IT-1024x703-50x50.png 50w, https:\/\/www.unilab.eu\/wp-content\/uploads\/2026\/03\/Articolo_IT-150x150.png 150w\" sizes=\"auto, (max-width: 50px) 100vw, 50px\" \/><\/a><a href=\"https:\/\/www.unilab.eu\/it\/articoli\/beyond-convergence-understanding-critical-thermodynamic-issues-in-propylene-glycol-based-brine-coolers\/\" class=\"feature-posts-title\">Oltre la Convergenza: Comprendere le Criticit\u00e0 Termodinamiche nei Brine Coolers a Glicole Propilenico<\/a> <br \/><small>30 Marzo 2026<\/small> <br \/><\/li><li><a href=\"https:\/\/www.unilab.eu\/it\/articoli\/expocomfort-conference-and-exhibition-2026-a-global-reference-point-for-the-hvacr-sector\/\"><img loading=\"lazy\" decoding=\"async\" src=\"https:\/\/www.unilab.eu\/wp-content\/uploads\/2026\/03\/MCE-1024x395-50x50.png\" width=\"50\" height=\"50\" class=\"post-img wp-post-image wp-image-34388\" title=\"MCE\" alt=\"MCE\" srcset=\"https:\/\/www.unilab.eu\/wp-content\/uploads\/2026\/03\/MCE-1024x395-50x50.png 50w, https:\/\/www.unilab.eu\/wp-content\/uploads\/2026\/03\/MCE-150x150.png 150w\" sizes=\"auto, (max-width: 50px) 100vw, 50px\" \/><\/a><a href=\"https:\/\/www.unilab.eu\/it\/articoli\/expocomfort-conference-and-exhibition-2026-a-global-reference-point-for-the-hvacr-sector\/\" class=\"feature-posts-title\">Mostra Convegno Expocomfort 2026: il punto di riferimento globale per l\u2019HVACR<\/a> <br \/><small>24 Marzo 2026<\/small> <br \/><\/li><\/ul><\/div><\/div>\n<!-- \/module widgetized -->        <\/div>\n                        <\/div>\n        <\/div>\n        <\/div>\n<!--\/themify_builder_content-->","protected":false},"excerpt":{"rendered":"<p>Prenota assistenza in remoto IMPORTANTE Si prega di prenotare un&#8217;assistenza remota solo in caso di bug e\/o errori software. L&#8217;assistenza [&hellip;]<\/p>\n","protected":false},"author":1,"featured_media":0,"parent":0,"menu_order":0,"comment_status":"closed","ping_status":"closed","template":"","meta":{"_seopress_robots_primary_cat":"","_seopress_titles_title":"","_seopress_titles_desc":"","_seopress_robots_index":"","footnotes":""},"class_list":["post-2985","page","type-page","status-publish","hentry","has-post-title","has-post-date","has-post-category","has-post-tag","has-post-comment","has-post-author",""],"builder_content":"<h1>Prenota assistenza in remoto<\/h1>\n<svg> <circle r=\"calc(50% - 1.50px)\" cx=\"50%\" cy=\"50%\" stroke-width=\"3\"\/> <circle r=\"calc(50% - 1.50px)\" cx=\"50%\" cy=\"50%\" stroke=\"#de5d5d\" stroke-width=\"3\" data-progress=\"100\" stroke-dasharray=\"0,10000\"\/> <\/svg> <em style=\"color:#de5d5d\"><svg xmlns:xlink=\"http:\/\/www.w3.org\/1999\/xlink\" aria-hidden=\"true\"><use href=\"#tf-fas-exclamation-triangle\" xlink:href=\"#tf-fas-exclamation-triangle\"><\/use><\/svg><\/em> \n <h3> IMPORTANTE <\/h3> <p>Si prega di prenotare un'assistenza remota solo in caso di bug e\/o errori software. L'assistenza remota a finalit\u00e0 di training non sar\u00e0 accettata dai nostri tecnici. Per tutte le richieste di training, il nostro staff \u00e8 disponibile all'indirizzo sales@unilab.eu. Unilab utilizza di default il software <a href=\"https:\/\/www.898.tv\/unilab_support\">TeamViewer<\/a>. Il Cliente deve garantire ad Unilab la possibilit\u00e0\u00a0 di connettersi al proprio computer dove \u00e8 installato il software Unilab. Il Cliente pu\u00f2 prenotare un'assistenza remota solo dopo essersi assicurato con il suo Responsabile IT che Unilab possa connettersi e controllare da remoto il suo PC. Qualora l'azienda del Cliente abbia difficolt\u00e0 ad installare\/utilizzare TeamViewer a causa di policy interne o altre ragioni, il responsabile IT dell'azienda del Cliente \u00e8 obbligato a trovare una valida soluzione alternativa e a fornire ad Unilab il nome e tutte le istruzioni su come utilizzarla. Se viene utilizzato uno strumento diverso da TeamViewer, il Cliente deve segnalarlo tramite Ticket all'indirizzo <a href=\"https:\/\/unilabeu.freshdesk.com\/support\/tickets\/new\">https:\/\/unilabeu.freshdesk.com\/support\/tickets\/new<\/a> prima di prenotare l'assistenza remota.<\/p>\n<h3>\u00a0<\/h3> <h3>Gli orari riportati di seguito sono espressi nel Vostro fuso orario<\/h3>\n[bookly-form service_id=\"1\" staff_member_id=\"1\" hide=\"categories,staff_members,date,week_days,time_range\"]","_links":{"self":[{"href":"https:\/\/www.unilab.eu\/it\/wp-json\/wp\/v2\/pages\/2985","targetHints":{"allow":["GET"]}}],"collection":[{"href":"https:\/\/www.unilab.eu\/it\/wp-json\/wp\/v2\/pages"}],"about":[{"href":"https:\/\/www.unilab.eu\/it\/wp-json\/wp\/v2\/types\/page"}],"author":[{"embeddable":true,"href":"https:\/\/www.unilab.eu\/it\/wp-json\/wp\/v2\/users\/1"}],"replies":[{"embeddable":true,"href":"https:\/\/www.unilab.eu\/it\/wp-json\/wp\/v2\/comments?post=2985"}],"version-history":[{"count":4,"href":"https:\/\/www.unilab.eu\/it\/wp-json\/wp\/v2\/pages\/2985\/revisions"}],"predecessor-version":[{"id":34362,"href":"https:\/\/www.unilab.eu\/it\/wp-json\/wp\/v2\/pages\/2985\/revisions\/34362"}],"wp:attachment":[{"href":"https:\/\/www.unilab.eu\/it\/wp-json\/wp\/v2\/media?parent=2985"}],"curies":[{"name":"wp","href":"https:\/\/api.w.org\/{rel}","templated":true}]}}