{"id":5073,"date":"2017-10-17T10:48:06","date_gmt":"2017-10-17T08:48:06","guid":{"rendered":"http:\/\/www.unilab.eu\/progetto-falling-film-evaporator\/"},"modified":"2021-04-15T13:41:51","modified_gmt":"2021-04-15T11:41:51","slug":"progetto-falling-film-evaporator","status":"publish","type":"page","link":"https:\/\/www.unilab.eu\/it\/progetto-falling-film-evaporator\/","title":{"rendered":"Progetto &#8220;FALLING FILM&#8221;"},"content":{"rendered":"<!--themify_builder_content-->\n<div id=\"themify_builder_content-5073\" data-postid=\"5073\" class=\"themify_builder_content themify_builder_content-5073 themify_builder tf_clear\">\n                    <div  data-lazy=\"1\" class=\"module_row themify_builder_row tb_uv0l300 tb_first tf_w\">\n                        <div class=\"row_inner col_align_top tb_col_count_1 tf_box tf_rel\">\n                        <div  data-lazy=\"1\" class=\"module_column tb-column col-full  tb_bkx8138 first\">\n                    <!-- module text -->\n<div  class=\"module module-text tb_oar7303   \" data-lazy=\"1\">\n        <div  class=\"tb_text_wrap\">\n        <h1 style=\"text-align: center;\">PROGETTO &#8220;FALLING FILM&#8221;<\/h1>    <\/div>\n<\/div>\n<!-- \/module text -->        <\/div>\n                        <\/div>\n        <\/div>\n                        <div  data-lazy=\"1\" class=\"module_row themify_builder_row tb_elob833 tf_w\">\n                        <div class=\"row_inner col_align_top tb_col_count_1 tf_box tf_rel\">\n                        <div  data-lazy=\"1\" class=\"module_column tb-column col-full  tb_tcup204 first\">\n                    <!-- module text -->\n<div  class=\"module module-text tb_chlc888   \" data-lazy=\"1\">\n        <div  class=\"tb_text_wrap\">\n        <h2 style=\"text-align: center;\"><strong>Unilab SRL \u00e8 lieta di annunciare un&#8217;iniziativa per creare un tool dedicato al calcolo dei <\/strong><\/h2><h2 style=\"text-align: center;\"><strong>FALLING FILM EVAPORATOR<\/strong><\/h2>    <\/div>\n<\/div>\n<!-- \/module text --><!-- module text -->\n<div  class=\"module module-text tb_obtm813   \" data-lazy=\"1\">\n        <div  class=\"tb_text_wrap\">\n        <p style=\"text-align: justify;\">Con questo nuovo strumento, Unilab annuncia lo sviluppo di un complesso modello matematico per il calcolo dei Falling Film Evaporator. Lo strumento dedicato sar\u00e0 offerto in esclusiva ad un numero ristretto di clienti, per un periodo di tempo limitato.<\/p>    <\/div>\n<\/div>\n<!-- \/module text -->        <\/div>\n                        <\/div>\n        <\/div>\n                        <div  data-lazy=\"1\" class=\"module_row themify_builder_row tb_3f1j800 tf_w\">\n                        <div class=\"row_inner col_align_top tb_col_count_2 tf_box tf_rel\">\n                        <div  data-lazy=\"1\" class=\"module_column tb-column col4-2  tb_ti48850 first\">\n                    <!-- module text -->\n<div  class=\"module module-text tb_q1vj800   \" data-lazy=\"1\">\n        <div  class=\"tb_text_wrap\">\n        <h2>Accesso Esclusivo<\/h2><p>Fate parte del pi\u00f9 esclusivo club di clienti Unilab, e per questo motivo vi \u00e8 stata concessa la possibilit\u00e0 prioritaria di richiedere questo nuovo strumento di calcolo.<\/p><p>Se siete interessati, vi preghiamo di compilare il modulo sottostante e iscrivervi entro e non oltre il 30 novembre 2017. La richiesta del software entro la data indicata vi garantir\u00e0 la consegna entro il 30 Aprile 2018, e l&#8217;utilizzo anticipato, prioritario ed esclusivo rispetto ai vostri competitor.\u00a0\u00a0<\/p>    <\/div>\n<\/div>\n<!-- \/module text --><!-- module countdown -->\n<div  class=\"module module-countdown tb_1c07232  tf_hide\" data-lazy=\"1\">\n\n\t\t\t<style>.tb_1c07232 .ui {\n\t\t\t\tbackground-color:#0052A4\t\t\t}<\/style>\n\t\t\t\n\t\n\t<\/div><!-- \/module countdown --><!-- module plain text -->\n<div  class=\"module module-plain-text tb_cocw830 \" data-lazy=\"1\">\n        <div class=\"tb_text_wrap\">\n    <link href=\"https:\/\/s3.amazonaws.com\/agilecrm\/forms\/v1\/agile-form-min.css\" rel=\"stylesheet\">\n<form class=\"form-view agile-form-transparent \" id=\"agile-form\" action=\"https:\/\/unilabsrl.agilecrm.com\/formsubmit\"  style= \"max-width:450px;\" method=\"GET\">\n<fieldset>\n<!-- Form Name -->\n<legend>PROGETTO FALLING FILM EVAPORATOR: SCADENZA 30\/11\/2017<\/legend>\n<div style=\"display: none; height: 0px; width: 0px;\">\n<input type=\"hidden\" id=\"_agile_form_name\" name=\"_agile_form_name\" value=\"Project Gas Cooler - Tier 1\">\n<input type=\"hidden\" id=\"_agile_domain\" name=\"_agile_domain\" value=\"unilabsrl\">\n<input type=\"hidden\" id=\"_agile_api\" name=\"_agile_api\" value=\"fkqdrjsqhrvldkd83cuoklk4e6\">\n<input type=\"hidden\" id=\"_agile_redirect_url\" name=\"_agile_redirect_url\" value=\"https:\/\/www.unilab.eu\/thank-you\/\">\n<input type=\"hidden\" id=\"_agile_confirmation_msg\" name=\"_agile_confirmation_msg\" value=\"Thank you for your interest in Unilab\">\n<input type=\"hidden\" id=\"_agile_form_id_tags\" name=\"tags\" value=\"form_gascooler_t1\">\n\n     <input type=\"hidden\" id=\"_agile_form_id\" name=\"_agile_form_id\" value=\"5732770445787136\">\n<\/div>\n<!-- Text input-->\n<div class=\"agile-group required-control\">\n  <label class=\"agile-label\" for=\"agilefield-3\">Nome<\/label>\n  <div class=\"agile-field-xlarge agile-field\">\n\t<input maxlength=\"250\" id=\"agilefield-3\" name=\"first_name\" type=\"text\" placeholder=\"Il tuo nome\" class=\"agile-height-default\" required=\"\">\n  <\/div>\n  <div class=\"agile-custom-clear\"><\/div>\n<\/div>\n<!-- Text input-->\n<div class=\"agile-group required-control\">\n  <label class=\"agile-label\" for=\"agilefield-1\">Nome Azienda<\/label>\n  <div class=\"agile-field-xlarge agile-field\">\n\t<input maxlength=\"250\" id=\"agilefield-1\" name=\"company\" type=\"text\" placeholder=\"Azienda\" class=\"agile-height-default\" required=\"\">\n  <\/div>\n  <div class=\"agile-custom-clear\"><\/div>\n<\/div>\n<!-- Text input-->\n<div class=\"agile-group required-control\">\n  <label class=\"agile-label\" for=\"agilefield-2\">Email<\/label>\n  <div class=\"agile-field-xlarge agile-field\">\n\t<input maxlength=\"250\" id=\"agilefield-2\" name=\"email\" type=\"email\" placeholder=\"Indirizzo Email\" class=\"agile-height-default\" required=\"\">\n  <\/div>\n  <div class=\"agile-custom-clear\"><\/div>\n<\/div>\n <!--recaptcha aglignment--><div class=\"agile-group\"><label class=\"agile-label\"><\/label><div class=\"agile-field-xlarge agile-field\"><div class='g-recaptcha' style=\"transform:scale(0.91);-webkit-transform:scale(0.91);transform-origin:0 0;-webkit-transform-origin:0 0; width='304px';\" data-sitekey='6Lc-bAgUAAAAANeuJQx0uQrKn56zlrMT6FtULAQN' data-callback='agileGCaptchaOnSuccess'><\/div><\/div><\/div>\n<div class=\"agile-group\">\n  <div class=\"agile-field\">\n    <button type=\"submit\" class=\"agile-button\">Submit<\/button>\n    <br><span id=\"agile-error-msg\"><\/span>\n  <\/div>\n<\/div>\n<\/fieldset>\n<\/form><script id=\"gRecaptchaSrc\" src='https:\/\/www.google.com\/recaptcha\/api.js'><\/script>\n<script type=\"text\/javascript\">\n(function(a){var b=a.onload,p=true;isCaptcha=true;if(p){a.onload=\"function\"!=typeof b?function(){try{_agile_load_form_fields()}catch(a){}}:function(){b();try{_agile_load_form_fields()}catch(a){}}};a.document.forms[\"agile-form\"].onsubmit=function(a){a.preventDefault();try{_agile_synch_form_v4()}catch(b){this.submit()}}})(window);\n<\/script>    <\/div>\n<\/div>\n<!-- \/module plain text -->        <\/div>\n                    <div  data-lazy=\"1\" class=\"module_column tb-column col4-2  tb_ahv3302 last\">\n                    <!-- module plain text -->\n<div  class=\"module module-plain-text tb_9xll307 \" data-lazy=\"1\">\n        <div class=\"tb_text_wrap\">\n    <link href=\"https:\/\/s3.amazonaws.com\/agilecrm\/forms\/v1\/agile-form-min.css\" rel=\"stylesheet\">\n<form class=\"form-view agile-form-transparent \" id=\"agile-form\" action=\"https:\/\/unilabsrl.agilecrm.com\/formsubmit\"  style= \"max-width:450px;\" method=\"GET\">\n<fieldset>\n<!-- Form Name -->\n<legend>ACCESSO GENERALE: NON DISPONIBILE <\/legend>\n<div style=\"display: none; height: 0px; width: 0px;\">\n    <\/div>\n<\/div>\n<!-- \/module plain text -->        <\/div>\n                        <\/div>\n        <\/div>\n                        <div  data-lazy=\"1\" class=\"module_row themify_builder_row tb_gtju382 tf_w\">\n                        <div class=\"row_inner col_align_top tb_col_count_1 tf_box tf_rel\">\n                        <div  data-lazy=\"1\" class=\"module_column tb-column col-full  tb_dimi303 first\">\n                    <!-- module fancy heading -->\n<div  class=\"module module-fancy-heading tb_t7nu557 \" data-lazy=\"1\">\n        <h1 class=\"fancy-heading\">\n    <span class=\"main-head tf_block\">\n                    Termini            <\/span>\n\n    \n    <span class=\"sub-head tf_block tf_rel\">\n                                <\/span>\n    <\/h1>\n<\/div>\n<!-- \/module fancy heading -->\n        <div  data-lazy=\"1\" class=\"module_subrow themify_builder_sub_row tf_w col_align_top tb_col_count_2 tb_d2hs382\">\n                <div  data-lazy=\"1\" class=\"module_column sub_column col4-2  tb_vadp020 first\">\n                    <!-- module text -->\n<div  class=\"module module-text tb_vhsh000   \" data-lazy=\"1\">\n        <div  class=\"tb_text_wrap\">\n        <h2 style=\"text-align: center;\"><strong>Accesso Esclusivo:<\/strong><\/h2><p>Il prezzo finale del tool &#8220;Falling Film&#8221; sar\u00e0 calcolato alla chiusura della finestra temporale dedicata. Maggiore sar\u00e0 il numero di richieste, minore sar\u00e0 il prezzo finale del tool.<\/p><p>Non \u00e8 al momento prevista una release generale del tool, che sar\u00e0 disponibile unicamente per i clienti che avranno effettuato la richiesta tramite il form apposito.\u00a0<\/p>    <\/div>\n<\/div>\n<!-- \/module text -->        <\/div>\n                    <div  data-lazy=\"1\" class=\"module_column sub_column col4-2  tb_w3kt362 last\">\n                    <!-- module text -->\n<div  class=\"module module-text tb_pu4i828   \" data-lazy=\"1\">\n        <div  class=\"tb_text_wrap\">\n        <h2 style=\"text-align: center;\"><strong>Accesso Generale:<\/strong><\/h2><p>L&#8217;acceso generale non \u00e8 al momento disponibile<\/p>    <\/div>\n<\/div>\n<!-- \/module text -->        <\/div>\n                    <\/div>\n                <\/div>\n                        <\/div>\n        <\/div>\n        <\/div>\n<!--\/themify_builder_content-->","protected":false},"excerpt":{"rendered":"<p>PROGETTO &#8220;FALLING FILM&#8221; Unilab SRL \u00e8 lieta di annunciare un&#8217;iniziativa per creare un tool dedicato al calcolo dei FALLING FILM [&hellip;]<\/p>\n","protected":false},"author":2,"featured_media":0,"parent":0,"menu_order":0,"comment_status":"closed","ping_status":"closed","template":"","meta":{"_seopress_robots_primary_cat":"","_seopress_titles_title":"","_seopress_titles_desc":"","_seopress_robots_index":"","footnotes":""},"class_list":["post-5073","page","type-page","status-publish","hentry","has-post-title","has-post-date","has-post-category","has-post-tag","has-post-comment","has-post-author",""],"builder_content":"<h1 style=\"text-align: center;\">PROGETTO \"FALLING FILM\"<\/h1>\n<h2 style=\"text-align: center;\"><strong>Unilab SRL \u00e8 lieta di annunciare un'iniziativa per creare un tool dedicato al calcolo dei <\/strong><\/h2><h2 style=\"text-align: center;\"><strong>FALLING FILM EVAPORATOR<\/strong><\/h2>\n<p style=\"text-align: justify;\">Con questo nuovo strumento, Unilab annuncia lo sviluppo di un complesso modello matematico per il calcolo dei Falling Film Evaporator. Lo strumento dedicato sar\u00e0 offerto in esclusiva ad un numero ristretto di clienti, per un periodo di tempo limitato.<\/p>\n<h2>Accesso Esclusivo<\/h2><p>Fate parte del pi\u00f9 esclusivo club di clienti Unilab, e per questo motivo vi \u00e8 stata concessa la possibilit\u00e0 prioritaria di richiedere questo nuovo strumento di calcolo.<\/p><p>Se siete interessati, vi preghiamo di compilare il modulo sottostante e iscrivervi entro e non oltre il 30 novembre 2017. La richiesta del software entro la data indicata vi garantir\u00e0 la consegna entro il 30 Aprile 2018, e l'utilizzo anticipato, prioritario ed esclusivo rispetto ai vostri competitor.\u00a0\u00a0<\/p>\n\n<link href=\"https:\/\/s3.amazonaws.com\/agilecrm\/forms\/v1\/agile-form-min.css\" rel=\"stylesheet\"> <form id=\"agile-form\" action=\"https:\/\/unilabsrl.agilecrm.com\/formsubmit\" style= \"max-width:450px;\" method=\"GET\"> <fieldset>\n<legend>PROGETTO FALLING FILM EVAPORATOR: SCADENZA 30\/11\/2017<\/legend>\n<input type=\"hidden\" id=\"_agile_form_name\" name=\"_agile_form_name\" value=\"Project Gas Cooler - Tier 1\"> <input type=\"hidden\" id=\"_agile_domain\" name=\"_agile_domain\" value=\"unilabsrl\"> <input type=\"hidden\" id=\"_agile_api\" name=\"_agile_api\" value=\"fkqdrjsqhrvldkd83cuoklk4e6\"> <input type=\"hidden\" id=\"_agile_redirect_url\" name=\"_agile_redirect_url\" value=\"https:\/\/www.unilab.eu\/thank-you\/\"> <input type=\"hidden\" id=\"_agile_confirmation_msg\" name=\"_agile_confirmation_msg\" value=\"Thank you for your interest in Unilab\"> <input type=\"hidden\" id=\"_agile_form_id_tags\" name=\"tags\" value=\"form_gascooler_t1\">\n <input type=\"hidden\" id=\"_agile_form_id\" name=\"_agile_form_id\" value=\"5732770445787136\">\n <label for=\"agilefield-3\">Nome<\/label> <input maxlength=\"250\" id=\"agilefield-3\" name=\"first_name\" type=\"text\" placeholder=\"Il tuo nome\" required=\"\"> \n <label for=\"agilefield-1\">Nome Azienda<\/label> <input maxlength=\"250\" id=\"agilefield-1\" name=\"company\" type=\"text\" placeholder=\"Azienda\" required=\"\"> \n <label for=\"agilefield-2\">Email<\/label> <input maxlength=\"250\" id=\"agilefield-2\" name=\"email\" type=\"email\" placeholder=\"Indirizzo Email\" required=\"\"> \n <label><\/label>\n <button type=\"submit\">Submit<\/button> <br> \n<\/fieldset> <\/form>\n<link href=\"https:\/\/s3.amazonaws.com\/agilecrm\/forms\/v1\/agile-form-min.css\" rel=\"stylesheet\"> <form id=\"agile-form\" action=\"https:\/\/unilabsrl.agilecrm.com\/formsubmit\" style= \"max-width:450px;\" method=\"GET\"> <fieldset>\n<legend>ACCESSO GENERALE: NON DISPONIBILE <\/legend>\n<h1>Termini<br\/><\/h1>\n<h2 style=\"text-align: center;\"><strong>Accesso Esclusivo:<\/strong><\/h2><p>Il prezzo finale del tool \"Falling Film\" sar\u00e0 calcolato alla chiusura della finestra temporale dedicata. Maggiore sar\u00e0 il numero di richieste, minore sar\u00e0 il prezzo finale del tool.<\/p><p>Non \u00e8 al momento prevista una release generale del tool, che sar\u00e0 disponibile unicamente per i clienti che avranno effettuato la richiesta tramite il form apposito.\u00a0<\/p>\n<h2 style=\"text-align: center;\"><strong>Accesso Generale:<\/strong><\/h2><p>L'acceso generale non \u00e8 al momento disponibile<\/p>","_links":{"self":[{"href":"https:\/\/www.unilab.eu\/it\/wp-json\/wp\/v2\/pages\/5073","targetHints":{"allow":["GET"]}}],"collection":[{"href":"https:\/\/www.unilab.eu\/it\/wp-json\/wp\/v2\/pages"}],"about":[{"href":"https:\/\/www.unilab.eu\/it\/wp-json\/wp\/v2\/types\/page"}],"author":[{"embeddable":true,"href":"https:\/\/www.unilab.eu\/it\/wp-json\/wp\/v2\/users\/2"}],"replies":[{"embeddable":true,"href":"https:\/\/www.unilab.eu\/it\/wp-json\/wp\/v2\/comments?post=5073"}],"version-history":[{"count":0,"href":"https:\/\/www.unilab.eu\/it\/wp-json\/wp\/v2\/pages\/5073\/revisions"}],"wp:attachment":[{"href":"https:\/\/www.unilab.eu\/it\/wp-json\/wp\/v2\/media?parent=5073"}],"curies":[{"name":"wp","href":"https:\/\/api.w.org\/{rel}","templated":true}]}}